{"id":5046,"date":"2022-03-10T15:18:09","date_gmt":"2022-03-10T18:18:09","guid":{"rendered":"http:\/\/localhost\/wordpress\/?post_type=product&#038;p=5046"},"modified":"2022-03-13T10:26:08","modified_gmt":"2022-03-13T13:26:08","slug":"hidro-fill-300-hospitalar-copia","status":"publish","type":"product","link":"https:\/\/uniaomaster.com.br\/?product=hidro-fill-300-hospitalar-copia","title":{"rendered":"Hidro Fill Lemon Hospitalar"},"content":{"rendered":"","protected":false},"excerpt":{"rendered":"<h4>DETERGENTE HIPER CONCENTRADO MULTIUSO<\/h4>\n<p>FRAGR\u00c2NCIA: C\u00edtrica<\/p>\n<p>Indicado para limpeza geral de pisos e demais superf\u00edcies em ambiente hospitalar. Produto com pH levemente alcalino. N\u00e3o ataca nenhum tipo de superf\u00edcie. Pode ser utilizado sobre tratamentos de pisos. Eficaz tamb\u00e9m em sujidades pesadas.<\/p>\n<p>Conte\u00fado:\u00a0 5L<\/p>\n<p>Dilui\u00e7\u00e3o: At\u00e9 1:300<\/p>\n<p>&nbsp;<\/p>\n","protected":false},"featured_media":5047,"template":"","meta":{"inline_featured_image":false,"_joinchat":[]},"product_brand":[],"product_cat":[91,111,90],"product_tag":[],"class_list":{"0":"post-5046","1":"product","2":"type-product","3":"status-publish","4":"has-post-thumbnail","6":"product_cat-assistencia-a-saude","7":"product_cat-piso","8":"product_cat-todos","10":"first","11":"instock","12":"shipping-taxable","13":"product-type-simple"},"_links":{"self":[{"href":"https:\/\/uniaomaster.com.br\/index.php?rest_route=\/wp\/v2\/product\/5046","targetHints":{"allow":["GET"]}}],"collection":[{"href":"https:\/\/uniaomaster.com.br\/index.php?rest_route=\/wp\/v2\/product"}],"about":[{"href":"https:\/\/uniaomaster.com.br\/index.php?rest_route=\/wp\/v2\/types\/product"}],"version-history":[{"count":0,"href":"https:\/\/uniaomaster.com.br\/index.php?rest_route=\/wp\/v2\/product\/5046\/revisions"}],"wp:featuredmedia":[{"embeddable":true,"href":"https:\/\/uniaomaster.com.br\/index.php?rest_route=\/wp\/v2\/media\/5047"}],"wp:attachment":[{"href":"https:\/\/uniaomaster.com.br\/index.php?rest_route=%2Fwp%2Fv2%2Fmedia&parent=5046"}],"wp:term":[{"taxonomy":"product_brand","embeddable":true,"href":"https:\/\/uniaomaster.com.br\/index.php?rest_route=%2Fwp%2Fv2%2Fproduct_brand&post=5046"},{"taxonomy":"product_cat","embeddable":true,"href":"https:\/\/uniaomaster.com.br\/index.php?rest_route=%2Fwp%2Fv2%2Fproduct_cat&post=5046"},{"taxonomy":"product_tag","embeddable":true,"href":"https:\/\/uniaomaster.com.br\/index.php?rest_route=%2Fwp%2Fv2%2Fproduct_tag&post=5046"}],"curies":[{"name":"wp","href":"https:\/\/api.w.org\/{rel}","templated":true}]}}