{"id":5084,"date":"2022-03-11T18:53:38","date_gmt":"2022-03-11T21:53:38","guid":{"rendered":"http:\/\/localhost\/wordpress\/?post_type=product&#038;p=5084"},"modified":"2022-03-13T10:26:08","modified_gmt":"2022-03-13T13:26:08","slug":"instrumental-shine-ez","status":"publish","type":"product","link":"https:\/\/uniaomaster.com.br\/?product=instrumental-shine-ez","title":{"rendered":"Instrumental Shine EZ"},"content":{"rendered":"","protected":false},"excerpt":{"rendered":"<h4>DETERGENTE L\u00cdQUIDO POLI ENZIM\u00c1TICO CONCENTRADO<\/h4>\n<p>FRAGR\u00c2NCIA: Sem fragr\u00e2ncia<\/p>\n<p>Indicado para limpeza manual, mec\u00e2nica e\/ou ultrass\u00f4nica de instrumentais cir\u00fargicos, odontol\u00f3gicos, endosc\u00f3pios e vidrarias em geral. Composto por 5 enzimas (alfa amilase, protease, liquanase, celulase e lipolase). Penetra profundamente na superf\u00edcie dos instrumentais removendo sujidades impregnadas.<\/p>\n<p>Conte\u00fado: 1 L<\/p>\n<p>Dilui\u00e7\u00e3o: 4 mL \/ Litro<\/p>\n","protected":false},"featured_media":5112,"template":"","meta":{"inline_featured_image":false,"_joinchat":[]},"product_brand":[],"product_cat":[91,90],"product_tag":[],"class_list":{"0":"post-5084","1":"product","2":"type-product","3":"status-publish","4":"has-post-thumbnail","6":"product_cat-assistencia-a-saude","7":"product_cat-todos","9":"first","10":"instock","11":"shipping-taxable","12":"product-type-simple"},"_links":{"self":[{"href":"https:\/\/uniaomaster.com.br\/index.php?rest_route=\/wp\/v2\/product\/5084","targetHints":{"allow":["GET"]}}],"collection":[{"href":"https:\/\/uniaomaster.com.br\/index.php?rest_route=\/wp\/v2\/product"}],"about":[{"href":"https:\/\/uniaomaster.com.br\/index.php?rest_route=\/wp\/v2\/types\/product"}],"version-history":[{"count":0,"href":"https:\/\/uniaomaster.com.br\/index.php?rest_route=\/wp\/v2\/product\/5084\/revisions"}],"wp:featuredmedia":[{"embeddable":true,"href":"https:\/\/uniaomaster.com.br\/index.php?rest_route=\/wp\/v2\/media\/5112"}],"wp:attachment":[{"href":"https:\/\/uniaomaster.com.br\/index.php?rest_route=%2Fwp%2Fv2%2Fmedia&parent=5084"}],"wp:term":[{"taxonomy":"product_brand","embeddable":true,"href":"https:\/\/uniaomaster.com.br\/index.php?rest_route=%2Fwp%2Fv2%2Fproduct_brand&post=5084"},{"taxonomy":"product_cat","embeddable":true,"href":"https:\/\/uniaomaster.com.br\/index.php?rest_route=%2Fwp%2Fv2%2Fproduct_cat&post=5084"},{"taxonomy":"product_tag","embeddable":true,"href":"https:\/\/uniaomaster.com.br\/index.php?rest_route=%2Fwp%2Fv2%2Fproduct_tag&post=5084"}],"curies":[{"name":"wp","href":"https:\/\/api.w.org\/{rel}","templated":true}]}}