{"id":5091,"date":"2022-03-11T19:05:23","date_gmt":"2022-03-11T22:05:23","guid":{"rendered":"http:\/\/localhost\/wordpress\/?post_type=product&#038;p=5091"},"modified":"2022-03-13T10:26:08","modified_gmt":"2022-03-13T13:26:08","slug":"mult-peroxy-hospitalar","status":"publish","type":"product","link":"https:\/\/uniaomaster.com.br\/?product=mult-peroxy-hospitalar","title":{"rendered":"Mult Per\u00f3xy Hospitalar"},"content":{"rendered":"","protected":false},"excerpt":{"rendered":"<p>DESINFETANTE LIMPADOR \u00c0 BASE DE PER\u00d3XIDO DE HIDROG\u00caNIO<\/p>\n<p>COR: Incolor | FRAGR\u00c2NCIA: Sem fragr\u00e2ncia<\/p>\n<p>Indicado para limpeza e desinfec\u00e7\u00e3o de superf\u00edcies fixas e artigos n\u00e3o cr\u00edticos em ambiente hospitalar. Eficiente para o uso em pisos, paredes, macas, colch\u00f5es, bancadas, mesas e mobili\u00e1rios hospitalares.<\/p>\n<p>Conte\u00fado: 5 L<\/p>\n<p>Dilui\u00e7\u00e3o: at\u00e9 1:25<\/p>\n","protected":false},"featured_media":5092,"template":"","meta":{"inline_featured_image":false,"_joinchat":[]},"product_brand":[],"product_cat":[91,90],"product_tag":[],"class_list":{"0":"post-5091","1":"product","2":"type-product","3":"status-publish","4":"has-post-thumbnail","6":"product_cat-assistencia-a-saude","7":"product_cat-todos","9":"first","10":"instock","11":"shipping-taxable","12":"product-type-simple"},"_links":{"self":[{"href":"https:\/\/uniaomaster.com.br\/index.php?rest_route=\/wp\/v2\/product\/5091","targetHints":{"allow":["GET"]}}],"collection":[{"href":"https:\/\/uniaomaster.com.br\/index.php?rest_route=\/wp\/v2\/product"}],"about":[{"href":"https:\/\/uniaomaster.com.br\/index.php?rest_route=\/wp\/v2\/types\/product"}],"version-history":[{"count":0,"href":"https:\/\/uniaomaster.com.br\/index.php?rest_route=\/wp\/v2\/product\/5091\/revisions"}],"wp:featuredmedia":[{"embeddable":true,"href":"https:\/\/uniaomaster.com.br\/index.php?rest_route=\/wp\/v2\/media\/5092"}],"wp:attachment":[{"href":"https:\/\/uniaomaster.com.br\/index.php?rest_route=%2Fwp%2Fv2%2Fmedia&parent=5091"}],"wp:term":[{"taxonomy":"product_brand","embeddable":true,"href":"https:\/\/uniaomaster.com.br\/index.php?rest_route=%2Fwp%2Fv2%2Fproduct_brand&post=5091"},{"taxonomy":"product_cat","embeddable":true,"href":"https:\/\/uniaomaster.com.br\/index.php?rest_route=%2Fwp%2Fv2%2Fproduct_cat&post=5091"},{"taxonomy":"product_tag","embeddable":true,"href":"https:\/\/uniaomaster.com.br\/index.php?rest_route=%2Fwp%2Fv2%2Fproduct_tag&post=5091"}],"curies":[{"name":"wp","href":"https:\/\/api.w.org\/{rel}","templated":true}]}}