{"id":5096,"date":"2022-03-11T19:15:42","date_gmt":"2022-03-11T22:15:42","guid":{"rendered":"http:\/\/localhost\/wordpress\/?post_type=product&#038;p=5096"},"modified":"2022-04-02T22:38:33","modified_gmt":"2022-04-03T01:38:33","slug":"instrumental-shine","status":"publish","type":"product","link":"https:\/\/uniaomaster.com.br\/?product=instrumental-shine","title":{"rendered":"Instrumental Shine"},"content":{"rendered":"","protected":false},"excerpt":{"rendered":"<p>DETERGENTE EM P\u00d3 CONCENTRADO<\/p>\n<p>FRAGR\u00c2NCIA: Sem fragr\u00e2ncia<\/p>\n<p>Indicado para pr\u00e9-lavagem de talheres e desoxida\u00e7\u00e3o de pratarias em geral. Produto com pH alcalino. Penetra profundamente na superf\u00edcie removendo sujidades impregnadas. Evita corros\u00f5es e det\u00e9m as preexistentes.<\/p>\n<p>Conte\u00fado: 1 Kg<\/p>\n<p>Dilui\u00e7\u00e3o:\u00a0 7 a 15 g \/ L<\/p>\n","protected":false},"featured_media":4985,"template":"","meta":{"inline_featured_image":false,"_joinchat":[]},"product_brand":[],"product_cat":[92,90],"product_tag":[],"class_list":{"0":"post-5096","1":"product","2":"type-product","3":"status-publish","4":"has-post-thumbnail","6":"product_cat-cozinha","7":"product_cat-todos","9":"first","10":"instock","11":"shipping-taxable","12":"product-type-simple"},"_links":{"self":[{"href":"https:\/\/uniaomaster.com.br\/index.php?rest_route=\/wp\/v2\/product\/5096","targetHints":{"allow":["GET"]}}],"collection":[{"href":"https:\/\/uniaomaster.com.br\/index.php?rest_route=\/wp\/v2\/product"}],"about":[{"href":"https:\/\/uniaomaster.com.br\/index.php?rest_route=\/wp\/v2\/types\/product"}],"version-history":[{"count":0,"href":"https:\/\/uniaomaster.com.br\/index.php?rest_route=\/wp\/v2\/product\/5096\/revisions"}],"wp:featuredmedia":[{"embeddable":true,"href":"https:\/\/uniaomaster.com.br\/index.php?rest_route=\/wp\/v2\/media\/4985"}],"wp:attachment":[{"href":"https:\/\/uniaomaster.com.br\/index.php?rest_route=%2Fwp%2Fv2%2Fmedia&parent=5096"}],"wp:term":[{"taxonomy":"product_brand","embeddable":true,"href":"https:\/\/uniaomaster.com.br\/index.php?rest_route=%2Fwp%2Fv2%2Fproduct_brand&post=5096"},{"taxonomy":"product_cat","embeddable":true,"href":"https:\/\/uniaomaster.com.br\/index.php?rest_route=%2Fwp%2Fv2%2Fproduct_cat&post=5096"},{"taxonomy":"product_tag","embeddable":true,"href":"https:\/\/uniaomaster.com.br\/index.php?rest_route=%2Fwp%2Fv2%2Fproduct_tag&post=5096"}],"curies":[{"name":"wp","href":"https:\/\/api.w.org\/{rel}","templated":true}]}}