{"id":5101,"date":"2022-03-11T19:23:27","date_gmt":"2022-03-11T22:23:27","guid":{"rendered":"http:\/\/localhost\/wordpress\/?post_type=product&#038;p=5101"},"modified":"2022-03-13T10:26:08","modified_gmt":"2022-03-13T13:26:08","slug":"mult-aluminio","status":"publish","type":"product","link":"https:\/\/uniaomaster.com.br\/?product=mult-aluminio","title":{"rendered":"Mult Alum\u00ednio"},"content":{"rendered":"","protected":false},"excerpt":{"rendered":"<p>DESINCRUSTANTE PARA ALUM\u00cdNIO<\/p>\n<p>FRAGR\u00c2NCIA: Sem frag\u00e2ncia<\/p>\n<p>Indicado para limpeza e recupera\u00e7\u00e3o de utens\u00edlios em alum\u00ednio tais como: formas, panelas, entre outros. Remove incrusta\u00e7\u00f5es e decapa a superf\u00edcie, renovando o brilho e restaurando o aspecto original.<\/p>\n<p>Conte\u00fado: 5 L<\/p>\n<p>Dilui\u00e7\u00e3o: at\u00e9 1:20<\/p>\n","protected":false},"featured_media":5109,"template":"","meta":{"inline_featured_image":false,"_joinchat":[]},"product_brand":[],"product_cat":[92,90],"product_tag":[],"class_list":{"0":"post-5101","1":"product","2":"type-product","3":"status-publish","4":"has-post-thumbnail","6":"product_cat-cozinha","7":"product_cat-todos","9":"first","10":"instock","11":"shipping-taxable","12":"product-type-simple"},"_links":{"self":[{"href":"https:\/\/uniaomaster.com.br\/index.php?rest_route=\/wp\/v2\/product\/5101","targetHints":{"allow":["GET"]}}],"collection":[{"href":"https:\/\/uniaomaster.com.br\/index.php?rest_route=\/wp\/v2\/product"}],"about":[{"href":"https:\/\/uniaomaster.com.br\/index.php?rest_route=\/wp\/v2\/types\/product"}],"version-history":[{"count":0,"href":"https:\/\/uniaomaster.com.br\/index.php?rest_route=\/wp\/v2\/product\/5101\/revisions"}],"wp:featuredmedia":[{"embeddable":true,"href":"https:\/\/uniaomaster.com.br\/index.php?rest_route=\/wp\/v2\/media\/5109"}],"wp:attachment":[{"href":"https:\/\/uniaomaster.com.br\/index.php?rest_route=%2Fwp%2Fv2%2Fmedia&parent=5101"}],"wp:term":[{"taxonomy":"product_brand","embeddable":true,"href":"https:\/\/uniaomaster.com.br\/index.php?rest_route=%2Fwp%2Fv2%2Fproduct_brand&post=5101"},{"taxonomy":"product_cat","embeddable":true,"href":"https:\/\/uniaomaster.com.br\/index.php?rest_route=%2Fwp%2Fv2%2Fproduct_cat&post=5101"},{"taxonomy":"product_tag","embeddable":true,"href":"https:\/\/uniaomaster.com.br\/index.php?rest_route=%2Fwp%2Fv2%2Fproduct_tag&post=5101"}],"curies":[{"name":"wp","href":"https:\/\/api.w.org\/{rel}","templated":true}]}}