{"id":5103,"date":"2022-03-11T19:26:50","date_gmt":"2022-03-11T22:26:50","guid":{"rendered":"http:\/\/localhost\/wordpress\/?post_type=product&#038;p=5103"},"modified":"2022-03-13T10:26:08","modified_gmt":"2022-03-13T13:26:08","slug":"5103","status":"publish","type":"product","link":"https:\/\/uniaomaster.com.br\/?product=5103","title":{"rendered":"Mult Dry SP"},"content":{"rendered":"","protected":false},"excerpt":{"rendered":"<p>SECANTE E ABRILHANTADOR DE LOU\u00c7AS<\/p>\n<p>FRAGR\u00c2NCIA: Sem fragr\u00e2ncia<\/p>\n<p>Indicado para secagem e abrilhantamento de lou\u00e7as, talheres, copos e utens\u00edlios de cozinha em m\u00e1quinas profissionais e dom\u00e9sticas. Deve ser dosado por sistema eletr\u00f4nico de dosagem. Secagem r\u00e1pida e sem manchas.<\/p>\n<p>Conte\u00fado: 5 L e 25 L<\/p>\n<p>Dilui\u00e7\u00e3o: de 2 a 5 mL \/ ciclo<\/p>\n","protected":false},"featured_media":5104,"template":"","meta":{"inline_featured_image":false,"_joinchat":[]},"product_brand":[],"product_cat":[92,90],"product_tag":[],"class_list":{"0":"post-5103","1":"product","2":"type-product","3":"status-publish","4":"has-post-thumbnail","6":"product_cat-cozinha","7":"product_cat-todos","9":"first","10":"instock","11":"shipping-taxable","12":"product-type-simple"},"_links":{"self":[{"href":"https:\/\/uniaomaster.com.br\/index.php?rest_route=\/wp\/v2\/product\/5103","targetHints":{"allow":["GET"]}}],"collection":[{"href":"https:\/\/uniaomaster.com.br\/index.php?rest_route=\/wp\/v2\/product"}],"about":[{"href":"https:\/\/uniaomaster.com.br\/index.php?rest_route=\/wp\/v2\/types\/product"}],"version-history":[{"count":0,"href":"https:\/\/uniaomaster.com.br\/index.php?rest_route=\/wp\/v2\/product\/5103\/revisions"}],"wp:featuredmedia":[{"embeddable":true,"href":"https:\/\/uniaomaster.com.br\/index.php?rest_route=\/wp\/v2\/media\/5104"}],"wp:attachment":[{"href":"https:\/\/uniaomaster.com.br\/index.php?rest_route=%2Fwp%2Fv2%2Fmedia&parent=5103"}],"wp:term":[{"taxonomy":"product_brand","embeddable":true,"href":"https:\/\/uniaomaster.com.br\/index.php?rest_route=%2Fwp%2Fv2%2Fproduct_brand&post=5103"},{"taxonomy":"product_cat","embeddable":true,"href":"https:\/\/uniaomaster.com.br\/index.php?rest_route=%2Fwp%2Fv2%2Fproduct_cat&post=5103"},{"taxonomy":"product_tag","embeddable":true,"href":"https:\/\/uniaomaster.com.br\/index.php?rest_route=%2Fwp%2Fv2%2Fproduct_tag&post=5103"}],"curies":[{"name":"wp","href":"https:\/\/api.w.org\/{rel}","templated":true}]}}