{"id":5105,"date":"2022-03-11T19:30:46","date_gmt":"2022-03-11T22:30:46","guid":{"rendered":"http:\/\/localhost\/wordpress\/?post_type=product&#038;p=5105"},"modified":"2022-03-13T10:26:08","modified_gmt":"2022-03-13T13:26:08","slug":"mult-veg","status":"publish","type":"product","link":"https:\/\/uniaomaster.com.br\/?product=mult-veg","title":{"rendered":"Mult Veg"},"content":{"rendered":"","protected":false},"excerpt":{"rendered":"<p>SANITIZANTE DE VEGETAIS \u00c0 BASE DE CLORO<\/p>\n<p>FRAGR\u00c2NCIA: Sem fragr\u00e2ncia<\/p>\n<p>Indicado para desinfec\u00e7\u00e3o de frutas, verduras, legumes, ovos, entre outros. Efic\u00e1cia sem agressividade nos alimentos.<\/p>\n<p>Conte\u00fado: 1 Kg<\/p>\n<p>Dilui\u00e7\u00e3o: 5 g \/ L<\/p>\n","protected":false},"featured_media":5026,"template":"","meta":{"inline_featured_image":false,"_joinchat":[]},"product_brand":[],"product_cat":[92,90],"product_tag":[],"class_list":{"0":"post-5105","1":"product","2":"type-product","3":"status-publish","4":"has-post-thumbnail","6":"product_cat-cozinha","7":"product_cat-todos","9":"first","10":"instock","11":"shipping-taxable","12":"product-type-simple"},"_links":{"self":[{"href":"https:\/\/uniaomaster.com.br\/index.php?rest_route=\/wp\/v2\/product\/5105","targetHints":{"allow":["GET"]}}],"collection":[{"href":"https:\/\/uniaomaster.com.br\/index.php?rest_route=\/wp\/v2\/product"}],"about":[{"href":"https:\/\/uniaomaster.com.br\/index.php?rest_route=\/wp\/v2\/types\/product"}],"version-history":[{"count":1,"href":"https:\/\/uniaomaster.com.br\/index.php?rest_route=\/wp\/v2\/product\/5105\/revisions"}],"predecessor-version":[{"id":5106,"href":"https:\/\/uniaomaster.com.br\/index.php?rest_route=\/wp\/v2\/product\/5105\/revisions\/5106"}],"wp:featuredmedia":[{"embeddable":true,"href":"https:\/\/uniaomaster.com.br\/index.php?rest_route=\/wp\/v2\/media\/5026"}],"wp:attachment":[{"href":"https:\/\/uniaomaster.com.br\/index.php?rest_route=%2Fwp%2Fv2%2Fmedia&parent=5105"}],"wp:term":[{"taxonomy":"product_brand","embeddable":true,"href":"https:\/\/uniaomaster.com.br\/index.php?rest_route=%2Fwp%2Fv2%2Fproduct_brand&post=5105"},{"taxonomy":"product_cat","embeddable":true,"href":"https:\/\/uniaomaster.com.br\/index.php?rest_route=%2Fwp%2Fv2%2Fproduct_cat&post=5105"},{"taxonomy":"product_tag","embeddable":true,"href":"https:\/\/uniaomaster.com.br\/index.php?rest_route=%2Fwp%2Fv2%2Fproduct_tag&post=5105"}],"curies":[{"name":"wp","href":"https:\/\/api.w.org\/{rel}","templated":true}]}}