{"id":5114,"date":"2022-03-11T19:53:40","date_gmt":"2022-03-11T22:53:40","guid":{"rendered":"http:\/\/localhost\/wordpress\/?post_type=product&#038;p=5114"},"modified":"2022-03-13T10:26:07","modified_gmt":"2022-03-13T13:26:07","slug":"mult-whash-sp","status":"publish","type":"product","link":"https:\/\/uniaomaster.com.br\/?product=mult-whash-sp","title":{"rendered":"Mult Wash SP"},"content":{"rendered":"","protected":false},"excerpt":{"rendered":"<p>DETERGENTE ALCALINO DE BAIXA ESPUMA<\/p>\n<p>FRAGR\u00c2NCIA: Sem fragr\u00e2ncia<\/p>\n<p>Indicado para lavagem mec\u00e2nica de lou\u00e7as em m\u00e1quinas industriais e dom\u00e9sticas. Deve ser dosado por sistema eletr\u00f4nico de dosagem. Eficaz na remo\u00e7\u00e3o de gorduras.<\/p>\n<p>Conte\u00fado: 5L<\/p>\n<p>Dilui\u00e7\u00e3o: de 1 a 3 mL \/ L<\/p>\n","protected":false},"featured_media":5022,"template":"","meta":{"inline_featured_image":false,"_joinchat":[]},"product_brand":[],"product_cat":[92,90],"product_tag":[],"class_list":{"0":"post-5114","1":"product","2":"type-product","3":"status-publish","4":"has-post-thumbnail","6":"product_cat-cozinha","7":"product_cat-todos","9":"first","10":"instock","11":"shipping-taxable","12":"product-type-simple"},"_links":{"self":[{"href":"https:\/\/uniaomaster.com.br\/index.php?rest_route=\/wp\/v2\/product\/5114","targetHints":{"allow":["GET"]}}],"collection":[{"href":"https:\/\/uniaomaster.com.br\/index.php?rest_route=\/wp\/v2\/product"}],"about":[{"href":"https:\/\/uniaomaster.com.br\/index.php?rest_route=\/wp\/v2\/types\/product"}],"version-history":[{"count":0,"href":"https:\/\/uniaomaster.com.br\/index.php?rest_route=\/wp\/v2\/product\/5114\/revisions"}],"wp:featuredmedia":[{"embeddable":true,"href":"https:\/\/uniaomaster.com.br\/index.php?rest_route=\/wp\/v2\/media\/5022"}],"wp:attachment":[{"href":"https:\/\/uniaomaster.com.br\/index.php?rest_route=%2Fwp%2Fv2%2Fmedia&parent=5114"}],"wp:term":[{"taxonomy":"product_brand","embeddable":true,"href":"https:\/\/uniaomaster.com.br\/index.php?rest_route=%2Fwp%2Fv2%2Fproduct_brand&post=5114"},{"taxonomy":"product_cat","embeddable":true,"href":"https:\/\/uniaomaster.com.br\/index.php?rest_route=%2Fwp%2Fv2%2Fproduct_cat&post=5114"},{"taxonomy":"product_tag","embeddable":true,"href":"https:\/\/uniaomaster.com.br\/index.php?rest_route=%2Fwp%2Fv2%2Fproduct_tag&post=5114"}],"curies":[{"name":"wp","href":"https:\/\/api.w.org\/{rel}","templated":true}]}}