{"id":5126,"date":"2022-03-12T19:48:15","date_gmt":"2022-03-12T22:48:15","guid":{"rendered":"http:\/\/localhost\/wordpress\/?post_type=product&#038;p=5126"},"modified":"2023-10-17T18:26:03","modified_gmt":"2023-10-17T21:26:03","slug":"papel-interfolha-luxo","status":"publish","type":"product","link":"https:\/\/uniaomaster.com.br\/?product=papel-interfolha-luxo","title":{"rendered":"Papel Toalha Interfolha Luxo 23x21cm 1000 Folhas"},"content":{"rendered":"","protected":false},"excerpt":{"rendered":"<p>Toalhas Intercaladas com 2 dobras<br \/>\nCaracter\u00edsticas: Papel fabricado com mat\u00e9ria prima selecionada 100% FIBRAS<br \/>\nCELUL\u00d3SICAS, de excelente qualidade<br \/>\nEmbalagem: Pl\u00e1stico transparente<br \/>\nCont\u00e9m um total de 1000 folhas, separadas e embaladas em saco pl\u00e1stico com 4<br \/>\npacotes de 250 folhas cada<br \/>\nMedida das Folhas: 23x21cm<br \/>\nGramatura: 20 a 22 gramas<br \/>\nCor do Papel: Branca<br \/>\nFolha Simples<br \/>\nAplica\u00e7\u00e3o: Utilizadas em dispenser de papel toalha interfolha<br \/>\nM\u00e9dia por Utiliza\u00e7\u00e3o: 3 a 4 folhas<\/p>\n<p>Mat\u00e9ria Prima: 100% Fibra Celul\u00f3sica<\/p>\n<p>Formato: Folhas \/ Intercaladas \u2013 2 Dobras<\/p>\n<p>Embalagem: Pl\u00e1stica<\/p>\n<p>Conte\u00fado: 1000 folhas 23x21cm<\/p>\n","protected":false},"featured_media":4484,"template":"","meta":{"inline_featured_image":false,"_joinchat":[]},"product_brand":[],"product_cat":[96,90],"product_tag":[],"class_list":{"0":"post-5126","1":"product","2":"type-product","3":"status-publish","4":"has-post-thumbnail","6":"product_cat-papeis","7":"product_cat-todos","9":"first","10":"instock","11":"featured","12":"shipping-taxable","13":"product-type-simple"},"_links":{"self":[{"href":"https:\/\/uniaomaster.com.br\/index.php?rest_route=\/wp\/v2\/product\/5126","targetHints":{"allow":["GET"]}}],"collection":[{"href":"https:\/\/uniaomaster.com.br\/index.php?rest_route=\/wp\/v2\/product"}],"about":[{"href":"https:\/\/uniaomaster.com.br\/index.php?rest_route=\/wp\/v2\/types\/product"}],"version-history":[{"count":3,"href":"https:\/\/uniaomaster.com.br\/index.php?rest_route=\/wp\/v2\/product\/5126\/revisions"}],"predecessor-version":[{"id":6415,"href":"https:\/\/uniaomaster.com.br\/index.php?rest_route=\/wp\/v2\/product\/5126\/revisions\/6415"}],"wp:featuredmedia":[{"embeddable":true,"href":"https:\/\/uniaomaster.com.br\/index.php?rest_route=\/wp\/v2\/media\/4484"}],"wp:attachment":[{"href":"https:\/\/uniaomaster.com.br\/index.php?rest_route=%2Fwp%2Fv2%2Fmedia&parent=5126"}],"wp:term":[{"taxonomy":"product_brand","embeddable":true,"href":"https:\/\/uniaomaster.com.br\/index.php?rest_route=%2Fwp%2Fv2%2Fproduct_brand&post=5126"},{"taxonomy":"product_cat","embeddable":true,"href":"https:\/\/uniaomaster.com.br\/index.php?rest_route=%2Fwp%2Fv2%2Fproduct_cat&post=5126"},{"taxonomy":"product_tag","embeddable":true,"href":"https:\/\/uniaomaster.com.br\/index.php?rest_route=%2Fwp%2Fv2%2Fproduct_tag&post=5126"}],"curies":[{"name":"wp","href":"https:\/\/api.w.org\/{rel}","templated":true}]}}