{"id":6109,"date":"2022-04-02T22:58:42","date_gmt":"2022-04-03T01:58:42","guid":{"rendered":"https:\/\/uniaomaster.com.br\/?post_type=product&#038;p=6109"},"modified":"2022-04-02T22:58:42","modified_gmt":"2022-04-03T01:58:42","slug":"gel-antisseptico","status":"publish","type":"product","link":"https:\/\/uniaomaster.com.br\/?product=gel-antisseptico","title":{"rendered":"Gel Antiss\u00e9ptico"},"content":{"rendered":"","protected":false},"excerpt":{"rendered":"<p>Equil\u00edbrio Antiss\u00e9ptico \u2013 \u00c1lcool Gel 70\u00ba INPM com Glicerina Desenvolvido para a higieniza\u00e7\u00e3o das m\u00e3os, como preventivo contra v\u00edrus e bact\u00e9rias, sem a necessidade de usar \u00e1gua e sab\u00e3o ou mesmo a toalha para secagem. O \u00c1lcool Gel \u00e9 recomendado pela OMS (Organiza\u00e7\u00e3o Mundial de Sa\u00fade), devendo ser utilizado no dia a dia das pessoas, como preven\u00e7\u00e3o ao v\u00edrus H1N1 e Sarscov, conforme indica\u00e7\u00e3o da OMS, visando evitar a contamina\u00e7\u00e3o. Deve ser utilizado com frequ\u00eancia e em qualquer \u00e1rea, sendo hospitalar, industrial, comercial, residencial, etc.<\/p>\n","protected":false},"featured_media":6110,"template":"","meta":{"inline_featured_image":false,"_joinchat":[]},"product_brand":[],"product_cat":[91,93,90],"product_tag":[],"class_list":{"0":"post-6109","1":"product","2":"type-product","3":"status-publish","4":"has-post-thumbnail","6":"product_cat-assistencia-a-saude","7":"product_cat-higiene-pessoal","8":"product_cat-todos","10":"first","11":"instock","12":"shipping-taxable","13":"product-type-simple"},"_links":{"self":[{"href":"https:\/\/uniaomaster.com.br\/index.php?rest_route=\/wp\/v2\/product\/6109","targetHints":{"allow":["GET"]}}],"collection":[{"href":"https:\/\/uniaomaster.com.br\/index.php?rest_route=\/wp\/v2\/product"}],"about":[{"href":"https:\/\/uniaomaster.com.br\/index.php?rest_route=\/wp\/v2\/types\/product"}],"version-history":[{"count":0,"href":"https:\/\/uniaomaster.com.br\/index.php?rest_route=\/wp\/v2\/product\/6109\/revisions"}],"wp:featuredmedia":[{"embeddable":true,"href":"https:\/\/uniaomaster.com.br\/index.php?rest_route=\/wp\/v2\/media\/6110"}],"wp:attachment":[{"href":"https:\/\/uniaomaster.com.br\/index.php?rest_route=%2Fwp%2Fv2%2Fmedia&parent=6109"}],"wp:term":[{"taxonomy":"product_brand","embeddable":true,"href":"https:\/\/uniaomaster.com.br\/index.php?rest_route=%2Fwp%2Fv2%2Fproduct_brand&post=6109"},{"taxonomy":"product_cat","embeddable":true,"href":"https:\/\/uniaomaster.com.br\/index.php?rest_route=%2Fwp%2Fv2%2Fproduct_cat&post=6109"},{"taxonomy":"product_tag","embeddable":true,"href":"https:\/\/uniaomaster.com.br\/index.php?rest_route=%2Fwp%2Fv2%2Fproduct_tag&post=6109"}],"curies":[{"name":"wp","href":"https:\/\/api.w.org\/{rel}","templated":true}]}}