{"id":6125,"date":"2022-04-02T23:24:45","date_gmt":"2022-04-03T02:24:45","guid":{"rendered":"https:\/\/uniaomaster.com.br\/?post_type=product&#038;p=6125"},"modified":"2022-04-04T17:12:12","modified_gmt":"2022-04-04T20:12:12","slug":"aromatizantes","status":"publish","type":"product","link":"https:\/\/uniaomaster.com.br\/?product=aromatizantes","title":{"rendered":"Aromatizantes"},"content":{"rendered":"","protected":false},"excerpt":{"rendered":"<p>O Equil\u00edbrio Aromatizante foi elaborado com mat\u00e9rias-primas finas, selecionadas cuidadosamente, a fim de se obter uma formula\u00e7\u00e3o balanceada com perfuma\u00e7\u00e3o duradoura e eficaz. Dispon\u00edvel nas vers\u00f5es spray e difusores de varetas (sticks).<\/p>\n<p>Alecrim: Aroma leve, herbal , da harmonia, concentra\u00e7\u00e3o e espiritualidade.<br \/>\nBamboo: Herbal sofisticado, remete a requinte e aconchego.<\/p>\n<p>Conte\u00fado: 2L e 480 ML<\/p>\n","protected":false},"featured_media":6126,"template":"","meta":{"inline_featured_image":false,"_joinchat":[]},"product_brand":[],"product_cat":[95,90],"product_tag":[],"class_list":{"0":"post-6125","1":"product","2":"type-product","3":"status-publish","4":"has-post-thumbnail","6":"product_cat-institucional","7":"product_cat-todos","9":"first","10":"instock","11":"featured","12":"shipping-taxable","13":"product-type-simple"},"_links":{"self":[{"href":"https:\/\/uniaomaster.com.br\/index.php?rest_route=\/wp\/v2\/product\/6125","targetHints":{"allow":["GET"]}}],"collection":[{"href":"https:\/\/uniaomaster.com.br\/index.php?rest_route=\/wp\/v2\/product"}],"about":[{"href":"https:\/\/uniaomaster.com.br\/index.php?rest_route=\/wp\/v2\/types\/product"}],"version-history":[{"count":1,"href":"https:\/\/uniaomaster.com.br\/index.php?rest_route=\/wp\/v2\/product\/6125\/revisions"}],"predecessor-version":[{"id":6196,"href":"https:\/\/uniaomaster.com.br\/index.php?rest_route=\/wp\/v2\/product\/6125\/revisions\/6196"}],"wp:featuredmedia":[{"embeddable":true,"href":"https:\/\/uniaomaster.com.br\/index.php?rest_route=\/wp\/v2\/media\/6126"}],"wp:attachment":[{"href":"https:\/\/uniaomaster.com.br\/index.php?rest_route=%2Fwp%2Fv2%2Fmedia&parent=6125"}],"wp:term":[{"taxonomy":"product_brand","embeddable":true,"href":"https:\/\/uniaomaster.com.br\/index.php?rest_route=%2Fwp%2Fv2%2Fproduct_brand&post=6125"},{"taxonomy":"product_cat","embeddable":true,"href":"https:\/\/uniaomaster.com.br\/index.php?rest_route=%2Fwp%2Fv2%2Fproduct_cat&post=6125"},{"taxonomy":"product_tag","embeddable":true,"href":"https:\/\/uniaomaster.com.br\/index.php?rest_route=%2Fwp%2Fv2%2Fproduct_tag&post=6125"}],"curies":[{"name":"wp","href":"https:\/\/api.w.org\/{rel}","templated":true}]}}