{"id":6129,"date":"2022-04-02T23:28:42","date_gmt":"2022-04-03T02:28:42","guid":{"rendered":"https:\/\/uniaomaster.com.br\/?post_type=product&#038;p=6129"},"modified":"2022-04-04T17:17:38","modified_gmt":"2022-04-04T20:17:38","slug":"dequater-senior-dequater-senior-sp","status":"publish","type":"product","link":"https:\/\/uniaomaster.com.br\/?product=dequater-senior-dequater-senior-sp","title":{"rendered":"Dequater S\u00eanior |  Dequater S\u00eanior SP"},"content":{"rendered":"","protected":false},"excerpt":{"rendered":"<div class=\"post-content woocommerce-product-details__short-description\">\n<h6>DESINFETANTE \u00c0 BASE DE QUATERN\u00c1RIO DE AM\u00d4NIO<\/h6>\n<h6>COR: Vermelho\u00a0 |\u00a0 FRAGR\u00c2NCIA: Sem fragr\u00e2ncia<\/h6>\n<\/div>\n<div class=\"woocommerce-tabs wc-tabs-wrapper\">\n<div id=\"tab-description\" class=\"woocommerce-Tabs-panel woocommerce-Tabs-panel--description panel entry-content wc-tab\" role=\"tabpanel\" aria-labelledby=\"tab-title-description\">\n<div class=\"post-content\">\n<h3 class=\"fusion-woocommerce-tab-title\">Descri\u00e7\u00e3o<\/h3>\n<div class=\"fusion-fullwidth fullwidth-box fusion-builder-row-3 fusion-flex-container nonhundred-percent-fullwidth non-hundred-percent-height-scrolling\">\n<div class=\"fusion-builder-row fusion-row fusion-flex-align-items-flex-start\">\n<div class=\"fusion-layout-column fusion_builder_column fusion-builder-column-14 fusion_builder_column_1_1 1_1 fusion-flex-column\">\n<div class=\"fusion-column-wrapper fusion-flex-justify-content-flex-start fusion-content-layout-column\">\n<div class=\"fusion-text fusion-text-20\">\n<p>Indicado para desinfec\u00e7\u00e3o de pisos, paredes, bancadas de trabalho, equipamentos, utens\u00edlios, entre outros. Ideal para latic\u00ednios, frigor\u00edficos, ind\u00fastria de alimentos e bebidas, atrav\u00e9s de aplica\u00e7\u00e3o manual, autom\u00e1tica, imers\u00e3o ou recircula\u00e7\u00e3o.<\/p>\n<\/div>\n<\/div>\n<\/div>\n<\/div>\n<\/div>\n<\/div>\n<\/div>\n<\/div>\n<p>Conte\u00fado: 5 L<\/p>\n<p>Dilui\u00e7\u00e3o:\u00a01:200 | SP: 1:100<\/p>\n","protected":false},"featured_media":6131,"template":"","meta":{"inline_featured_image":false,"_joinchat":[]},"product_brand":[],"product_cat":[94,90],"product_tag":[],"class_list":{"0":"post-6129","1":"product","2":"type-product","3":"status-publish","4":"has-post-thumbnail","6":"product_cat-industria-alimenticia","7":"product_cat-todos","9":"first","10":"instock","11":"featured","12":"shipping-taxable","13":"product-type-simple"},"_links":{"self":[{"href":"https:\/\/uniaomaster.com.br\/index.php?rest_route=\/wp\/v2\/product\/6129","targetHints":{"allow":["GET"]}}],"collection":[{"href":"https:\/\/uniaomaster.com.br\/index.php?rest_route=\/wp\/v2\/product"}],"about":[{"href":"https:\/\/uniaomaster.com.br\/index.php?rest_route=\/wp\/v2\/types\/product"}],"version-history":[{"count":1,"href":"https:\/\/uniaomaster.com.br\/index.php?rest_route=\/wp\/v2\/product\/6129\/revisions"}],"predecessor-version":[{"id":6198,"href":"https:\/\/uniaomaster.com.br\/index.php?rest_route=\/wp\/v2\/product\/6129\/revisions\/6198"}],"wp:featuredmedia":[{"embeddable":true,"href":"https:\/\/uniaomaster.com.br\/index.php?rest_route=\/wp\/v2\/media\/6131"}],"wp:attachment":[{"href":"https:\/\/uniaomaster.com.br\/index.php?rest_route=%2Fwp%2Fv2%2Fmedia&parent=6129"}],"wp:term":[{"taxonomy":"product_brand","embeddable":true,"href":"https:\/\/uniaomaster.com.br\/index.php?rest_route=%2Fwp%2Fv2%2Fproduct_brand&post=6129"},{"taxonomy":"product_cat","embeddable":true,"href":"https:\/\/uniaomaster.com.br\/index.php?rest_route=%2Fwp%2Fv2%2Fproduct_cat&post=6129"},{"taxonomy":"product_tag","embeddable":true,"href":"https:\/\/uniaomaster.com.br\/index.php?rest_route=%2Fwp%2Fv2%2Fproduct_tag&post=6129"}],"curies":[{"name":"wp","href":"https:\/\/api.w.org\/{rel}","templated":true}]}}