{"id":6152,"date":"2022-04-04T15:14:47","date_gmt":"2022-04-04T18:14:47","guid":{"rendered":"https:\/\/uniaomaster.com.br\/?post_type=product&#038;p=6152"},"modified":"2022-04-04T16:08:58","modified_gmt":"2022-04-04T19:08:58","slug":"dequater-vet","status":"publish","type":"product","link":"https:\/\/uniaomaster.com.br\/?product=dequater-vet","title":{"rendered":"Dequater Vet"},"content":{"rendered":"","protected":false},"excerpt":{"rendered":"<p>DESINFETANTE DE USO GERAL \u00c0 BASE DE QUATERN\u00c1RIO DE AM\u00d4NIO<\/p>\n<p>COR: Verde | FRAGR\u00c2NCIA: Campestre<\/p>\n<p>Indicado para limpeza e desinfec\u00e7\u00e3o em ambientes onde h\u00e1 circula\u00e7\u00e3o animal. Neutraliza odores causados pela urina, fezes e outras secre\u00e7\u00f5es. Ambiente limpo e desinfetado assegurado pela a\u00e7\u00e3o do quatern\u00e1rio de am\u00f4nio. Perfuma\u00e7\u00e3o agrad\u00e1vel, sem inc\u00f4modo para o pet.<\/p>\n<p>Conte\u00fado: 5 L<\/p>\n<p>Dilui\u00e7\u00e3o:\u00a0 at\u00e9 1:200<\/p>\n","protected":false},"featured_media":4971,"template":"","meta":{"inline_featured_image":false,"_joinchat":[]},"product_brand":[],"product_cat":[95,111,90],"product_tag":[110,112,113],"class_list":{"0":"post-6152","1":"product","2":"type-product","3":"status-publish","4":"has-post-thumbnail","6":"product_cat-institucional","7":"product_cat-piso","8":"product_cat-todos","9":"product_tag-desinfetante","10":"product_tag-limpa-piso","11":"product_tag-limpador-perfumado","13":"first","14":"instock","15":"shipping-taxable","16":"product-type-simple"},"_links":{"self":[{"href":"https:\/\/uniaomaster.com.br\/index.php?rest_route=\/wp\/v2\/product\/6152","targetHints":{"allow":["GET"]}}],"collection":[{"href":"https:\/\/uniaomaster.com.br\/index.php?rest_route=\/wp\/v2\/product"}],"about":[{"href":"https:\/\/uniaomaster.com.br\/index.php?rest_route=\/wp\/v2\/types\/product"}],"version-history":[{"count":1,"href":"https:\/\/uniaomaster.com.br\/index.php?rest_route=\/wp\/v2\/product\/6152\/revisions"}],"predecessor-version":[{"id":6160,"href":"https:\/\/uniaomaster.com.br\/index.php?rest_route=\/wp\/v2\/product\/6152\/revisions\/6160"}],"wp:featuredmedia":[{"embeddable":true,"href":"https:\/\/uniaomaster.com.br\/index.php?rest_route=\/wp\/v2\/media\/4971"}],"wp:attachment":[{"href":"https:\/\/uniaomaster.com.br\/index.php?rest_route=%2Fwp%2Fv2%2Fmedia&parent=6152"}],"wp:term":[{"taxonomy":"product_brand","embeddable":true,"href":"https:\/\/uniaomaster.com.br\/index.php?rest_route=%2Fwp%2Fv2%2Fproduct_brand&post=6152"},{"taxonomy":"product_cat","embeddable":true,"href":"https:\/\/uniaomaster.com.br\/index.php?rest_route=%2Fwp%2Fv2%2Fproduct_cat&post=6152"},{"taxonomy":"product_tag","embeddable":true,"href":"https:\/\/uniaomaster.com.br\/index.php?rest_route=%2Fwp%2Fv2%2Fproduct_tag&post=6152"}],"curies":[{"name":"wp","href":"https:\/\/api.w.org\/{rel}","templated":true}]}}