{"id":6153,"date":"2022-04-04T15:19:55","date_gmt":"2022-04-04T18:19:55","guid":{"rendered":"https:\/\/uniaomaster.com.br\/?post_type=product&#038;p=6153"},"modified":"2022-04-04T16:08:28","modified_gmt":"2022-04-04T19:08:28","slug":"equilibrio-remove","status":"publish","type":"product","link":"https:\/\/uniaomaster.com.br\/?product=equilibrio-remove","title":{"rendered":"Equil\u00edbrio Remove"},"content":{"rendered":"","protected":false},"excerpt":{"rendered":"<p>DESINCRUSTANTE COM NANOPART\u00cdCULAS<\/p>\n<p>COR: Verde | FRAGR\u00c2NCIA: Fresca amadeirada<\/p>\n<p>Indicado na remo\u00e7\u00e3o de sujidades impregnadas e manchas em pisos, estofados, carpetes, vidros e outras superf\u00edcies. Remove incrustra\u00e7\u00f5es causadas por uso inadequado de \u00e1cidos. Excelente na limpeza de rejuntes. Alto poder de suspens\u00e3o de sujidades devido a a\u00e7\u00e3o das nanopart\u00edculas. Utiliza fragr\u00e2ncia extra\u00edda de fonte natural.<\/p>\n<p>Conte\u00fado: 5 L<\/p>\n<p>Dilui\u00e7\u00e3o:\u00a0 pronto uso<\/p>\n","protected":false},"featured_media":6154,"template":"","meta":{"inline_featured_image":false,"_joinchat":[]},"product_brand":[],"product_cat":[95,111,90],"product_tag":[110,112,130,113,131],"class_list":{"0":"post-6153","1":"product","2":"type-product","3":"status-publish","4":"has-post-thumbnail","6":"product_cat-institucional","7":"product_cat-piso","8":"product_cat-todos","9":"product_tag-desinfetante","10":"product_tag-limpa-piso","11":"product_tag-limpa-rejunte","12":"product_tag-limpador-perfumado","13":"product_tag-tira-manchas","15":"first","16":"instock","17":"shipping-taxable","18":"product-type-simple"},"_links":{"self":[{"href":"https:\/\/uniaomaster.com.br\/index.php?rest_route=\/wp\/v2\/product\/6153","targetHints":{"allow":["GET"]}}],"collection":[{"href":"https:\/\/uniaomaster.com.br\/index.php?rest_route=\/wp\/v2\/product"}],"about":[{"href":"https:\/\/uniaomaster.com.br\/index.php?rest_route=\/wp\/v2\/types\/product"}],"version-history":[{"count":1,"href":"https:\/\/uniaomaster.com.br\/index.php?rest_route=\/wp\/v2\/product\/6153\/revisions"}],"predecessor-version":[{"id":6159,"href":"https:\/\/uniaomaster.com.br\/index.php?rest_route=\/wp\/v2\/product\/6153\/revisions\/6159"}],"wp:featuredmedia":[{"embeddable":true,"href":"https:\/\/uniaomaster.com.br\/index.php?rest_route=\/wp\/v2\/media\/6154"}],"wp:attachment":[{"href":"https:\/\/uniaomaster.com.br\/index.php?rest_route=%2Fwp%2Fv2%2Fmedia&parent=6153"}],"wp:term":[{"taxonomy":"product_brand","embeddable":true,"href":"https:\/\/uniaomaster.com.br\/index.php?rest_route=%2Fwp%2Fv2%2Fproduct_brand&post=6153"},{"taxonomy":"product_cat","embeddable":true,"href":"https:\/\/uniaomaster.com.br\/index.php?rest_route=%2Fwp%2Fv2%2Fproduct_cat&post=6153"},{"taxonomy":"product_tag","embeddable":true,"href":"https:\/\/uniaomaster.com.br\/index.php?rest_route=%2Fwp%2Fv2%2Fproduct_tag&post=6153"}],"curies":[{"name":"wp","href":"https:\/\/api.w.org\/{rel}","templated":true}]}}