{"id":6161,"date":"2022-04-04T16:09:09","date_gmt":"2022-04-04T19:09:09","guid":{"rendered":"https:\/\/uniaomaster.com.br\/?post_type=product&#038;p=6161"},"modified":"2022-04-04T17:11:35","modified_gmt":"2022-04-04T20:11:35","slug":"glass-cleaner","status":"publish","type":"product","link":"https:\/\/uniaomaster.com.br\/?product=glass-cleaner","title":{"rendered":"Glass Cleaner"},"content":{"rendered":"","protected":false},"excerpt":{"rendered":"<p>LIMPA VIDROS<\/p>\n<p>COR: Azul | FRAGR\u00c2NCIA: Lavanda suave<\/p>\n<p>Indicado para limpeza de vidros, espelhos, e superf\u00edcies em geral.<br \/>\nExcelente poder desengordurante. Deixa uma micro pel\u00edcula protetora reduzindo marcas e ac\u00famulos de sujidades. Produzido em 2 vers\u00f5es. Mesmo a vers\u00e3o pronto uso, pode efetuar uma dilui\u00e7\u00e3o de at\u00e9 1:5.<\/p>\n<p>Conte\u00fado: 5 L<\/p>\n<p>Dilui\u00e7\u00e3o:\u00a0 At\u00e9 1:20<\/p>\n","protected":false},"featured_media":4975,"template":"","meta":{"inline_featured_image":false,"_joinchat":[]},"product_brand":[],"product_cat":[95,111,90],"product_tag":[132],"class_list":{"0":"post-6161","1":"product","2":"type-product","3":"status-publish","4":"has-post-thumbnail","6":"product_cat-institucional","7":"product_cat-piso","8":"product_cat-todos","9":"product_tag-limpa-vidros","11":"first","12":"instock","13":"featured","14":"shipping-taxable","15":"product-type-simple"},"_links":{"self":[{"href":"https:\/\/uniaomaster.com.br\/index.php?rest_route=\/wp\/v2\/product\/6161","targetHints":{"allow":["GET"]}}],"collection":[{"href":"https:\/\/uniaomaster.com.br\/index.php?rest_route=\/wp\/v2\/product"}],"about":[{"href":"https:\/\/uniaomaster.com.br\/index.php?rest_route=\/wp\/v2\/types\/product"}],"version-history":[{"count":1,"href":"https:\/\/uniaomaster.com.br\/index.php?rest_route=\/wp\/v2\/product\/6161\/revisions"}],"predecessor-version":[{"id":6162,"href":"https:\/\/uniaomaster.com.br\/index.php?rest_route=\/wp\/v2\/product\/6161\/revisions\/6162"}],"wp:featuredmedia":[{"embeddable":true,"href":"https:\/\/uniaomaster.com.br\/index.php?rest_route=\/wp\/v2\/media\/4975"}],"wp:attachment":[{"href":"https:\/\/uniaomaster.com.br\/index.php?rest_route=%2Fwp%2Fv2%2Fmedia&parent=6161"}],"wp:term":[{"taxonomy":"product_brand","embeddable":true,"href":"https:\/\/uniaomaster.com.br\/index.php?rest_route=%2Fwp%2Fv2%2Fproduct_brand&post=6161"},{"taxonomy":"product_cat","embeddable":true,"href":"https:\/\/uniaomaster.com.br\/index.php?rest_route=%2Fwp%2Fv2%2Fproduct_cat&post=6161"},{"taxonomy":"product_tag","embeddable":true,"href":"https:\/\/uniaomaster.com.br\/index.php?rest_route=%2Fwp%2Fv2%2Fproduct_tag&post=6161"}],"curies":[{"name":"wp","href":"https:\/\/api.w.org\/{rel}","templated":true}]}}