{"id":6163,"date":"2022-04-04T16:13:08","date_gmt":"2022-04-04T19:13:08","guid":{"rendered":"https:\/\/uniaomaster.com.br\/?post_type=product&#038;p=6163"},"modified":"2022-04-04T16:27:03","modified_gmt":"2022-04-04T19:27:03","slug":"hidro-fill-lemon","status":"publish","type":"product","link":"https:\/\/uniaomaster.com.br\/?product=hidro-fill-lemon","title":{"rendered":"Hidro Fill Lemon"},"content":{"rendered":"","protected":false},"excerpt":{"rendered":"<h4>DETERGENTE HIPER CONCENTRADO MULTIUSO<\/h4>\n<p>FRAGR\u00c2NCIA: C\u00edtrica<\/p>\n<p>Indicado para limpeza geral de pisos e demais superf\u00edcies em qualquer ambiente. Produto com pH levemente alcalino. N\u00e3o ataca nenhum tipo de superf\u00edcie. Pode ser utilizado sobre tratamentos de pisos. Eficaz tamb\u00e9m em sujidades pesadas.<\/p>\n<p>Conte\u00fado:\u00a0 5L<\/p>\n<p>Dilui\u00e7\u00e3o: At\u00e9 1:300<\/p>\n<p>&nbsp;<\/p>\n","protected":false},"featured_media":6165,"template":"","meta":{"inline_featured_image":false,"_joinchat":[]},"product_brand":[],"product_cat":[94,95,111,90],"product_tag":[],"class_list":{"0":"post-6163","1":"product","2":"type-product","3":"status-publish","4":"has-post-thumbnail","6":"product_cat-industria-alimenticia","7":"product_cat-institucional","8":"product_cat-piso","9":"product_cat-todos","11":"first","12":"instock","13":"shipping-taxable","14":"product-type-simple"},"_links":{"self":[{"href":"https:\/\/uniaomaster.com.br\/index.php?rest_route=\/wp\/v2\/product\/6163","targetHints":{"allow":["GET"]}}],"collection":[{"href":"https:\/\/uniaomaster.com.br\/index.php?rest_route=\/wp\/v2\/product"}],"about":[{"href":"https:\/\/uniaomaster.com.br\/index.php?rest_route=\/wp\/v2\/types\/product"}],"version-history":[{"count":1,"href":"https:\/\/uniaomaster.com.br\/index.php?rest_route=\/wp\/v2\/product\/6163\/revisions"}],"predecessor-version":[{"id":6166,"href":"https:\/\/uniaomaster.com.br\/index.php?rest_route=\/wp\/v2\/product\/6163\/revisions\/6166"}],"wp:featuredmedia":[{"embeddable":true,"href":"https:\/\/uniaomaster.com.br\/index.php?rest_route=\/wp\/v2\/media\/6165"}],"wp:attachment":[{"href":"https:\/\/uniaomaster.com.br\/index.php?rest_route=%2Fwp%2Fv2%2Fmedia&parent=6163"}],"wp:term":[{"taxonomy":"product_brand","embeddable":true,"href":"https:\/\/uniaomaster.com.br\/index.php?rest_route=%2Fwp%2Fv2%2Fproduct_brand&post=6163"},{"taxonomy":"product_cat","embeddable":true,"href":"https:\/\/uniaomaster.com.br\/index.php?rest_route=%2Fwp%2Fv2%2Fproduct_cat&post=6163"},{"taxonomy":"product_tag","embeddable":true,"href":"https:\/\/uniaomaster.com.br\/index.php?rest_route=%2Fwp%2Fv2%2Fproduct_tag&post=6163"}],"curies":[{"name":"wp","href":"https:\/\/api.w.org\/{rel}","templated":true}]}}