{"id":6167,"date":"2022-04-04T16:21:04","date_gmt":"2022-04-04T19:21:04","guid":{"rendered":"https:\/\/uniaomaster.com.br\/?post_type=product&#038;p=6167"},"modified":"2022-04-04T16:26:34","modified_gmt":"2022-04-04T19:26:34","slug":"hidro-fill-360","status":"publish","type":"product","link":"https:\/\/uniaomaster.com.br\/?product=hidro-fill-360","title":{"rendered":"Hidro Fill 360"},"content":{"rendered":"","protected":false},"excerpt":{"rendered":"<h4>DETERGENTE HIPER CONCENTRADO MULTIUSO<\/h4>\n<p>FRAGR\u00c2NCIA: C\u00edtrica<\/p>\n<p>Indicado como limpador multiuso com a\u00e7\u00e3o desengordurante em qualquer superf\u00edcie lav\u00e1vel sem causar agress\u00e3o, mesmo em pisos tratados com impermeabilizantes. Ambiente limpo com suave fragr\u00e2ncia. Com tensoativos de \u00faltima gera\u00e7\u00e3o, proporciona resultados superiores de limpeza, aliado a excelente rendimento. Ideal para \u00e1reas de grande fluxo.<\/p>\n<p>Conte\u00fado:\u00a0 5L<\/p>\n<p>Dilui\u00e7\u00e3o: At\u00e9 1:500<\/p>\n<p>&nbsp;<\/p>\n","protected":false},"featured_media":6164,"template":"","meta":{"inline_featured_image":false,"_joinchat":[]},"product_brand":[],"product_cat":[95,111,90],"product_tag":[],"class_list":{"0":"post-6167","1":"product","2":"type-product","3":"status-publish","4":"has-post-thumbnail","6":"product_cat-institucional","7":"product_cat-piso","8":"product_cat-todos","10":"first","11":"instock","12":"shipping-taxable","13":"product-type-simple"},"_links":{"self":[{"href":"https:\/\/uniaomaster.com.br\/index.php?rest_route=\/wp\/v2\/product\/6167","targetHints":{"allow":["GET"]}}],"collection":[{"href":"https:\/\/uniaomaster.com.br\/index.php?rest_route=\/wp\/v2\/product"}],"about":[{"href":"https:\/\/uniaomaster.com.br\/index.php?rest_route=\/wp\/v2\/types\/product"}],"version-history":[{"count":1,"href":"https:\/\/uniaomaster.com.br\/index.php?rest_route=\/wp\/v2\/product\/6167\/revisions"}],"predecessor-version":[{"id":6168,"href":"https:\/\/uniaomaster.com.br\/index.php?rest_route=\/wp\/v2\/product\/6167\/revisions\/6168"}],"wp:featuredmedia":[{"embeddable":true,"href":"https:\/\/uniaomaster.com.br\/index.php?rest_route=\/wp\/v2\/media\/6164"}],"wp:attachment":[{"href":"https:\/\/uniaomaster.com.br\/index.php?rest_route=%2Fwp%2Fv2%2Fmedia&parent=6167"}],"wp:term":[{"taxonomy":"product_brand","embeddable":true,"href":"https:\/\/uniaomaster.com.br\/index.php?rest_route=%2Fwp%2Fv2%2Fproduct_brand&post=6167"},{"taxonomy":"product_cat","embeddable":true,"href":"https:\/\/uniaomaster.com.br\/index.php?rest_route=%2Fwp%2Fv2%2Fproduct_cat&post=6167"},{"taxonomy":"product_tag","embeddable":true,"href":"https:\/\/uniaomaster.com.br\/index.php?rest_route=%2Fwp%2Fv2%2Fproduct_tag&post=6167"}],"curies":[{"name":"wp","href":"https:\/\/api.w.org\/{rel}","templated":true}]}}