{"id":6169,"date":"2022-04-04T16:29:32","date_gmt":"2022-04-04T19:29:32","guid":{"rendered":"https:\/\/uniaomaster.com.br\/?post_type=product&#038;p=6169"},"modified":"2022-04-04T17:11:22","modified_gmt":"2022-04-04T20:11:22","slug":"mult-aplic-mult-aplic-10","status":"publish","type":"product","link":"https:\/\/uniaomaster.com.br\/?product=mult-aplic-mult-aplic-10","title":{"rendered":"Mult Aplic | Mult Aplic 10"},"content":{"rendered":"","protected":false},"excerpt":{"rendered":"<p>LIMPADOR MULTIUSO<\/p>\n<p>COR: Amarela | FRAGR\u00c2NCIA: C\u00edtrica<\/p>\n<p>Indicado para limpeza instant\u00e2nea de superf\u00edcies como mesas, f\u00f3rmicas, prateleiras e pisos. Eficiente na remo\u00e7\u00e3o de sujidades dif\u00edceis. Tem a\u00e7\u00e3o desengordurante. Produto com pH alcalino. 5x mais teor de ativos do que os multiusos dom\u00e9sticos.<\/p>\n<p>Conte\u00fado:\u00a0 5L<\/p>\n<p>Dilui\u00e7\u00e3o: At\u00e9 1:30<\/p>\n<p>&nbsp;<\/p>\n","protected":false},"featured_media":6142,"template":"","meta":{"inline_featured_image":false,"_joinchat":[]},"product_brand":[],"product_cat":[92,95,111,90],"product_tag":[],"class_list":{"0":"post-6169","1":"product","2":"type-product","3":"status-publish","4":"has-post-thumbnail","6":"product_cat-cozinha","7":"product_cat-institucional","8":"product_cat-piso","9":"product_cat-todos","11":"first","12":"instock","13":"featured","14":"shipping-taxable","15":"product-type-simple"},"_links":{"self":[{"href":"https:\/\/uniaomaster.com.br\/index.php?rest_route=\/wp\/v2\/product\/6169","targetHints":{"allow":["GET"]}}],"collection":[{"href":"https:\/\/uniaomaster.com.br\/index.php?rest_route=\/wp\/v2\/product"}],"about":[{"href":"https:\/\/uniaomaster.com.br\/index.php?rest_route=\/wp\/v2\/types\/product"}],"version-history":[{"count":1,"href":"https:\/\/uniaomaster.com.br\/index.php?rest_route=\/wp\/v2\/product\/6169\/revisions"}],"predecessor-version":[{"id":6170,"href":"https:\/\/uniaomaster.com.br\/index.php?rest_route=\/wp\/v2\/product\/6169\/revisions\/6170"}],"wp:featuredmedia":[{"embeddable":true,"href":"https:\/\/uniaomaster.com.br\/index.php?rest_route=\/wp\/v2\/media\/6142"}],"wp:attachment":[{"href":"https:\/\/uniaomaster.com.br\/index.php?rest_route=%2Fwp%2Fv2%2Fmedia&parent=6169"}],"wp:term":[{"taxonomy":"product_brand","embeddable":true,"href":"https:\/\/uniaomaster.com.br\/index.php?rest_route=%2Fwp%2Fv2%2Fproduct_brand&post=6169"},{"taxonomy":"product_cat","embeddable":true,"href":"https:\/\/uniaomaster.com.br\/index.php?rest_route=%2Fwp%2Fv2%2Fproduct_cat&post=6169"},{"taxonomy":"product_tag","embeddable":true,"href":"https:\/\/uniaomaster.com.br\/index.php?rest_route=%2Fwp%2Fv2%2Fproduct_tag&post=6169"}],"curies":[{"name":"wp","href":"https:\/\/api.w.org\/{rel}","templated":true}]}}