{"id":6171,"date":"2022-04-04T16:33:45","date_gmt":"2022-04-04T19:33:45","guid":{"rendered":"https:\/\/uniaomaster.com.br\/?post_type=product&#038;p=6171"},"modified":"2022-04-04T16:39:38","modified_gmt":"2022-04-04T19:39:38","slug":"mult-flotador","status":"publish","type":"product","link":"https:\/\/uniaomaster.com.br\/?product=mult-flotador","title":{"rendered":"Mult Flotador"},"content":{"rendered":"","protected":false},"excerpt":{"rendered":"<h4>LIMPADOR MULTIUSO ALCALINO<\/h4>\n<p>FRAGR\u00c2NCIA: C\u00edtrica<\/p>\n<p>Indicado para limpeza multiuso de diversas superf\u00edcies por sistema de flota\u00e7\u00e3o (suspens\u00e3o das sujidades para a espuma). Diminui a a\u00e7\u00e3o mec\u00e2nica (esfrega\u00e7\u00e3o), agilizando processo de limpeza.<\/p>\n<p>Conte\u00fado:\u00a0 5L<\/p>\n<p>Dilui\u00e7\u00e3o: At\u00e9 1:20<\/p>\n<p>&nbsp;<\/p>\n","protected":false},"featured_media":6172,"template":"","meta":{"inline_featured_image":false,"_joinchat":[]},"product_brand":[],"product_cat":[95,111,90],"product_tag":[],"class_list":{"0":"post-6171","1":"product","2":"type-product","3":"status-publish","4":"has-post-thumbnail","6":"product_cat-institucional","7":"product_cat-piso","8":"product_cat-todos","10":"first","11":"instock","12":"shipping-taxable","13":"product-type-simple"},"_links":{"self":[{"href":"https:\/\/uniaomaster.com.br\/index.php?rest_route=\/wp\/v2\/product\/6171","targetHints":{"allow":["GET"]}}],"collection":[{"href":"https:\/\/uniaomaster.com.br\/index.php?rest_route=\/wp\/v2\/product"}],"about":[{"href":"https:\/\/uniaomaster.com.br\/index.php?rest_route=\/wp\/v2\/types\/product"}],"version-history":[{"count":1,"href":"https:\/\/uniaomaster.com.br\/index.php?rest_route=\/wp\/v2\/product\/6171\/revisions"}],"predecessor-version":[{"id":6173,"href":"https:\/\/uniaomaster.com.br\/index.php?rest_route=\/wp\/v2\/product\/6171\/revisions\/6173"}],"wp:featuredmedia":[{"embeddable":true,"href":"https:\/\/uniaomaster.com.br\/index.php?rest_route=\/wp\/v2\/media\/6172"}],"wp:attachment":[{"href":"https:\/\/uniaomaster.com.br\/index.php?rest_route=%2Fwp%2Fv2%2Fmedia&parent=6171"}],"wp:term":[{"taxonomy":"product_brand","embeddable":true,"href":"https:\/\/uniaomaster.com.br\/index.php?rest_route=%2Fwp%2Fv2%2Fproduct_brand&post=6171"},{"taxonomy":"product_cat","embeddable":true,"href":"https:\/\/uniaomaster.com.br\/index.php?rest_route=%2Fwp%2Fv2%2Fproduct_cat&post=6171"},{"taxonomy":"product_tag","embeddable":true,"href":"https:\/\/uniaomaster.com.br\/index.php?rest_route=%2Fwp%2Fv2%2Fproduct_tag&post=6171"}],"curies":[{"name":"wp","href":"https:\/\/api.w.org\/{rel}","templated":true}]}}